{"id":138,"date":"2024-03-07T16:47:19","date_gmt":"2024-03-07T16:47:19","guid":{"rendered":"https:\/\/medu.si\/?post_type=product&#038;p=138"},"modified":"2025-06-12T20:51:27","modified_gmt":"2025-06-12T20:51:27","slug":"krema-za-roke","status":"publish","type":"product","link":"https:\/\/medu.si\/en\/product\/krema-za-roke\/","title":{"rendered":"Hand cream - 50 ml"},"content":{"rendered":"<p>Naravna krema za roke\u00a0<strong>Soft hands honey\u00a0<\/strong>znamke Medu predstavlja sve\u017e pristop k negi ko\u017ee rok. S kombinacijo\u00a0<strong>medu, niacinamida in vitamina E<\/strong> ta krema zagotavlja globinsko vla\u017eenje in poskrbi za ob\u010duutek mehkobe.<\/p>\n<p>Krema vsebuje med, ki je pridelan lokalno na obronkih Pohorja in prihaja iz\u00a0<strong>\u010debelarstva Pregl,<\/strong> kar zagotavlja visoko kakovost in \u010distost medu.<\/p>\n<p>V kozmetriki je med znan po svojih naravnih vla\u017eilnih in antioksidativnihlastnostih, tako da pomaga ohranjatiko\u017eo pro\u017eno in gladko. Niacinamid spodbuja regeneracijo ko\u017ee, zmanj\u0161uje drobne linije in izbolj\u0161uje splo\u0161ni videz koze. Vitamin E \u0161\u010diti ko\u017eo pred \u0161kodljivimi vplivi okolja, kot so prosti radikali.<\/p>","protected":false},"excerpt":{"rendered":"<p>Naravna krema za roke\u00a0<strong>Soft hands honey.<\/strong><\/p>","protected":false},"featured_media":3280,"comment_status":"open","ping_status":"closed","template":"","meta":{"_acf_changed":false},"product_brand":[],"product_cat":[20,40],"product_tag":[],"class_list":{"0":"post-138","1":"product","2":"type-product","3":"status-publish","4":"has-post-thumbnail","6":"product_cat-uncategorized","7":"product_cat-produkti-posamicno","9":"first","10":"instock","11":"shipping-taxable","12":"purchasable","13":"product-type-simple"},"acf":[],"yoast_head":"<!-- This site is optimized with the Yoast SEO plugin v25.5 - https:\/\/yoast.com\/wordpress\/plugins\/seo\/ -->\n<title>Krema za roke -50ml - Medena kozmetika - Medu<\/title>\n<meta name=\"robots\" content=\"index, follow, max-snippet:-1, max-image-preview:large, max-video-preview:-1\" \/>\n<link rel=\"canonical\" href=\"https:\/\/medu.si\/en\/product\/krema-za-roke\/\" \/>\n<meta property=\"og:locale\" content=\"en_US\" \/>\n<meta property=\"og:type\" content=\"article\" \/>\n<meta property=\"og:title\" content=\"Krema za roke -50ml - Medena kozmetika - Medu\" \/>\n<meta property=\"og:description\" content=\"Naravna krema za roke\u00a0Soft hands honey.\" \/>\n<meta property=\"og:url\" content=\"https:\/\/medu.si\/en\/product\/krema-za-roke\/\" \/>\n<meta property=\"og:site_name\" content=\"Medena kozmetika - Medu\" \/>\n<meta property=\"article:publisher\" content=\"https:\/\/www.facebook.com\/profile.php?id=61551869158979\" \/>\n<meta property=\"article:modified_time\" content=\"2025-06-12T20:51:27+00:00\" \/>\n<meta property=\"og:image\" content=\"https:\/\/medu.si\/wp-content\/uploads\/2024\/03\/SHH_front4.jpg\" \/>\n\t<meta property=\"og:image:width\" content=\"600\" \/>\n\t<meta property=\"og:image:height\" content=\"900\" \/>\n\t<meta property=\"og:image:type\" content=\"image\/jpeg\" \/>\n<meta name=\"twitter:card\" content=\"summary_large_image\" \/>\n<meta name=\"twitter:label1\" content=\"Est. reading time\" \/>\n\t<meta name=\"twitter:data1\" content=\"1 minute\" \/>\n<script type=\"application\/ld+json\" class=\"yoast-schema-graph\">{\"@context\":\"https:\/\/schema.org\",\"@graph\":[{\"@type\":\"WebPage\",\"@id\":\"https:\/\/medu.si\/product\/krema-za-roke\/\",\"url\":\"https:\/\/medu.si\/product\/krema-za-roke\/\",\"name\":\"Krema za roke -50ml - Medena kozmetika - Medu\",\"isPartOf\":{\"@id\":\"https:\/\/medu.si\/#website\"},\"primaryImageOfPage\":{\"@id\":\"https:\/\/medu.si\/product\/krema-za-roke\/#primaryimage\"},\"image\":{\"@id\":\"https:\/\/medu.si\/product\/krema-za-roke\/#primaryimage\"},\"thumbnailUrl\":\"https:\/\/medu.si\/wp-content\/uploads\/2024\/03\/SHH_front4.jpg\",\"datePublished\":\"2024-03-07T16:47:19+00:00\",\"dateModified\":\"2025-06-12T20:51:27+00:00\",\"breadcrumb\":{\"@id\":\"https:\/\/medu.si\/product\/krema-za-roke\/#breadcrumb\"},\"inLanguage\":\"en-US\",\"potentialAction\":[{\"@type\":\"ReadAction\",\"target\":[\"https:\/\/medu.si\/product\/krema-za-roke\/\"]}]},{\"@type\":\"ImageObject\",\"inLanguage\":\"en-US\",\"@id\":\"https:\/\/medu.si\/product\/krema-za-roke\/#primaryimage\",\"url\":\"https:\/\/medu.si\/wp-content\/uploads\/2024\/03\/SHH_front4.jpg\",\"contentUrl\":\"https:\/\/medu.si\/wp-content\/uploads\/2024\/03\/SHH_front4.jpg\",\"width\":600,\"height\":900},{\"@type\":\"BreadcrumbList\",\"@id\":\"https:\/\/medu.si\/product\/krema-za-roke\/#breadcrumb\",\"itemListElement\":[{\"@type\":\"ListItem\",\"position\":1,\"name\":\"Home\",\"item\":\"https:\/\/medu.si\/\"},{\"@type\":\"ListItem\",\"position\":2,\"name\":\"Products\",\"item\":\"https:\/\/medu.si\/shop\/\"},{\"@type\":\"ListItem\",\"position\":3,\"name\":\"Krema za roke -50ml\"}]},{\"@type\":\"WebSite\",\"@id\":\"https:\/\/medu.si\/#website\",\"url\":\"https:\/\/medu.si\/\",\"name\":\"Medu\",\"description\":\"Medena kozmetika\",\"publisher\":{\"@id\":\"https:\/\/medu.si\/#organization\"},\"potentialAction\":[{\"@type\":\"SearchAction\",\"target\":{\"@type\":\"EntryPoint\",\"urlTemplate\":\"https:\/\/medu.si\/?s={search_term_string}\"},\"query-input\":{\"@type\":\"PropertyValueSpecification\",\"valueRequired\":true,\"valueName\":\"search_term_string\"}}],\"inLanguage\":\"en-US\"},{\"@type\":\"Organization\",\"@id\":\"https:\/\/medu.si\/#organization\",\"name\":\"Medena kozmetika - Medu\",\"url\":\"https:\/\/medu.si\/\",\"logo\":{\"@type\":\"ImageObject\",\"inLanguage\":\"en-US\",\"@id\":\"https:\/\/medu.si\/#\/schema\/logo\/image\/\",\"url\":\"https:\/\/medu.si\/wp-content\/uploads\/2024\/03\/Logo_new_whtt_text.png\",\"contentUrl\":\"https:\/\/medu.si\/wp-content\/uploads\/2024\/03\/Logo_new_whtt_text.png\",\"width\":1068,\"height\":442,\"caption\":\"Medena kozmetika - Medu\"},\"image\":{\"@id\":\"https:\/\/medu.si\/#\/schema\/logo\/image\/\"},\"sameAs\":[\"https:\/\/www.facebook.com\/profile.php?id=61551869158979\",\"https:\/\/www.instagram.com\/meducosmetic\/\"]}]}<\/script>\n<!-- \/ Yoast SEO plugin. -->","yoast_head_json":{"title":"Krema za roke -50ml - Medena kozmetika - Medu","robots":{"index":"index","follow":"follow","max-snippet":"max-snippet:-1","max-image-preview":"max-image-preview:large","max-video-preview":"max-video-preview:-1"},"canonical":"https:\/\/medu.si\/en\/product\/krema-za-roke\/","og_locale":"en_US","og_type":"article","og_title":"Krema za roke -50ml - Medena kozmetika - Medu","og_description":"Naravna krema za roke\u00a0Soft hands honey.","og_url":"https:\/\/medu.si\/en\/product\/krema-za-roke\/","og_site_name":"Medena kozmetika - Medu","article_publisher":"https:\/\/www.facebook.com\/profile.php?id=61551869158979","article_modified_time":"2025-06-12T20:51:27+00:00","og_image":[{"width":600,"height":900,"url":"https:\/\/medu.si\/wp-content\/uploads\/2024\/03\/SHH_front4.jpg","type":"image\/jpeg"}],"twitter_card":"summary_large_image","twitter_misc":{"Est. reading time":"1 minute"},"schema":{"@context":"https:\/\/schema.org","@graph":[{"@type":"WebPage","@id":"https:\/\/medu.si\/product\/krema-za-roke\/","url":"https:\/\/medu.si\/product\/krema-za-roke\/","name":"Krema za roke -50ml - Medena kozmetika - Medu","isPartOf":{"@id":"https:\/\/medu.si\/#website"},"primaryImageOfPage":{"@id":"https:\/\/medu.si\/product\/krema-za-roke\/#primaryimage"},"image":{"@id":"https:\/\/medu.si\/product\/krema-za-roke\/#primaryimage"},"thumbnailUrl":"https:\/\/medu.si\/wp-content\/uploads\/2024\/03\/SHH_front4.jpg","datePublished":"2024-03-07T16:47:19+00:00","dateModified":"2025-06-12T20:51:27+00:00","breadcrumb":{"@id":"https:\/\/medu.si\/product\/krema-za-roke\/#breadcrumb"},"inLanguage":"en-US","potentialAction":[{"@type":"ReadAction","target":["https:\/\/medu.si\/product\/krema-za-roke\/"]}]},{"@type":"ImageObject","inLanguage":"en-US","@id":"https:\/\/medu.si\/product\/krema-za-roke\/#primaryimage","url":"https:\/\/medu.si\/wp-content\/uploads\/2024\/03\/SHH_front4.jpg","contentUrl":"https:\/\/medu.si\/wp-content\/uploads\/2024\/03\/SHH_front4.jpg","width":600,"height":900},{"@type":"BreadcrumbList","@id":"https:\/\/medu.si\/product\/krema-za-roke\/#breadcrumb","itemListElement":[{"@type":"ListItem","position":1,"name":"Home","item":"https:\/\/medu.si\/"},{"@type":"ListItem","position":2,"name":"Products","item":"https:\/\/medu.si\/shop\/"},{"@type":"ListItem","position":3,"name":"Krema za roke -50ml"}]},{"@type":"WebSite","@id":"https:\/\/medu.si\/#website","url":"https:\/\/medu.si\/","name":"Medu","description":"Medena kozmetika","publisher":{"@id":"https:\/\/medu.si\/#organization"},"potentialAction":[{"@type":"SearchAction","target":{"@type":"EntryPoint","urlTemplate":"https:\/\/medu.si\/?s={search_term_string}"},"query-input":{"@type":"PropertyValueSpecification","valueRequired":true,"valueName":"search_term_string"}}],"inLanguage":"en-US"},{"@type":"Organization","@id":"https:\/\/medu.si\/#organization","name":"Medena kozmetika - Medu","url":"https:\/\/medu.si\/","logo":{"@type":"ImageObject","inLanguage":"en-US","@id":"https:\/\/medu.si\/#\/schema\/logo\/image\/","url":"https:\/\/medu.si\/wp-content\/uploads\/2024\/03\/Logo_new_whtt_text.png","contentUrl":"https:\/\/medu.si\/wp-content\/uploads\/2024\/03\/Logo_new_whtt_text.png","width":1068,"height":442,"caption":"Medena kozmetika - Medu"},"image":{"@id":"https:\/\/medu.si\/#\/schema\/logo\/image\/"},"sameAs":["https:\/\/www.facebook.com\/profile.php?id=61551869158979","https:\/\/www.instagram.com\/meducosmetic\/"]}]}},"_links":{"self":[{"href":"https:\/\/medu.si\/en\/wp-json\/wp\/v2\/product\/138","targetHints":{"allow":["GET"]}}],"collection":[{"href":"https:\/\/medu.si\/en\/wp-json\/wp\/v2\/product"}],"about":[{"href":"https:\/\/medu.si\/en\/wp-json\/wp\/v2\/types\/product"}],"replies":[{"embeddable":true,"href":"https:\/\/medu.si\/en\/wp-json\/wp\/v2\/comments?post=138"}],"version-history":[{"count":0,"href":"https:\/\/medu.si\/en\/wp-json\/wp\/v2\/product\/138\/revisions"}],"wp:featuredmedia":[{"embeddable":true,"href":"https:\/\/medu.si\/en\/wp-json\/wp\/v2\/media\/3280"}],"wp:attachment":[{"href":"https:\/\/medu.si\/en\/wp-json\/wp\/v2\/media?parent=138"}],"wp:term":[{"taxonomy":"product_brand","embeddable":true,"href":"https:\/\/medu.si\/en\/wp-json\/wp\/v2\/product_brand?post=138"},{"taxonomy":"product_cat","embeddable":true,"href":"https:\/\/medu.si\/en\/wp-json\/wp\/v2\/product_cat?post=138"},{"taxonomy":"product_tag","embeddable":true,"href":"https:\/\/medu.si\/en\/wp-json\/wp\/v2\/product_tag?post=138"}],"curies":[{"name":"wp","href":"https:\/\/api.w.org\/{rel}","templated":true}]}}