{"id":1242,"date":"2024-07-24T20:45:01","date_gmt":"2024-07-24T20:45:01","guid":{"rendered":"https:\/\/medu.si\/?post_type=product&#038;p=1242"},"modified":"2025-03-07T19:32:54","modified_gmt":"2025-03-07T19:32:54","slug":"nocna-krema","status":"publish","type":"product","link":"https:\/\/medu.si\/en\/product\/nocna-krema\/","title":{"rendered":"Night cream \u2013 50ml"},"content":{"rendered":"<p>Izkoristite naravno mo\u010d s kremo, ki zdru\u017euje \u010debelji strup, med, Q10, ter vitamina A in E za boj proti staranju ko\u017ee. Ta sinergijska formula zagotavlja obnovo in intenzivno vla\u017eenje, zmanj\u0161uje videz gub in izbolj\u0161a teksturo ko\u017ee za bolj gladko in elasti\u010dno povrhnjico. Redna uporaba te kreme pomaga pri obnovi in za\u0161\u010diti ko\u017ee, razkrivajo\u010d njen mladostni sijaj.<\/p>","protected":false},"excerpt":{"rendered":"<p>Hrani va\u0161o ko\u017eo<\/p>","protected":false},"featured_media":3222,"comment_status":"open","ping_status":"closed","template":"","meta":{"_acf_changed":false},"product_brand":[],"product_cat":[20,40],"product_tag":[],"class_list":{"0":"post-1242","1":"product","2":"type-product","3":"status-publish","4":"has-post-thumbnail","6":"product_cat-uncategorized","7":"product_cat-produkti-posamicno","9":"first","10":"instock","11":"sale","12":"shipping-taxable","13":"purchasable","14":"product-type-simple"},"acf":[],"yoast_head":"<!-- This site is optimized with the Yoast SEO plugin v25.5 - https:\/\/yoast.com\/wordpress\/plugins\/seo\/ -->\n<title>Negovalna no\u010dna krema - Medena kozmetika Med\u016b<\/title>\n<meta name=\"description\" content=\"Negovalna no\u010dna krema z naravno mo\u010djo, ki zdru\u017euje \u010debelji strup, med, Q10, ter vitamina A in E za boj proti staranju ko\u017ee\" \/>\n<meta name=\"robots\" content=\"index, follow, max-snippet:-1, max-image-preview:large, max-video-preview:-1\" \/>\n<link rel=\"canonical\" href=\"https:\/\/medu.si\/en\/product\/nocna-krema\/\" \/>\n<meta property=\"og:locale\" content=\"en_US\" \/>\n<meta property=\"og:type\" content=\"article\" \/>\n<meta property=\"og:title\" content=\"Negovalna no\u010dna krema - Medena kozmetika Med\u016b\" \/>\n<meta property=\"og:description\" content=\"Negovalna no\u010dna krema z naravno mo\u010djo, ki zdru\u017euje \u010debelji strup, med, Q10, ter vitamina A in E za boj proti staranju ko\u017ee\" \/>\n<meta property=\"og:url\" content=\"https:\/\/medu.si\/en\/product\/nocna-krema\/\" \/>\n<meta property=\"og:site_name\" content=\"Medena kozmetika - Medu\" \/>\n<meta property=\"article:publisher\" content=\"https:\/\/www.facebook.com\/profile.php?id=61551869158979\" \/>\n<meta property=\"article:modified_time\" content=\"2025-03-07T19:32:54+00:00\" \/>\n<meta property=\"og:image\" content=\"https:\/\/medu.si\/wp-content\/uploads\/2024\/09\/Nocna-krema-za-obraz.jpg\" \/>\n\t<meta property=\"og:image:width\" content=\"1300\" \/>\n\t<meta property=\"og:image:height\" content=\"1300\" \/>\n\t<meta property=\"og:image:type\" content=\"image\/jpeg\" \/>\n<meta name=\"twitter:card\" content=\"summary_large_image\" \/>\n<meta name=\"twitter:label1\" content=\"Est. reading time\" \/>\n\t<meta name=\"twitter:data1\" content=\"1 minute\" \/>\n<script type=\"application\/ld+json\" class=\"yoast-schema-graph\">{\"@context\":\"https:\/\/schema.org\",\"@graph\":[{\"@type\":\"WebPage\",\"@id\":\"https:\/\/medu.si\/product\/nocna-krema\/\",\"url\":\"https:\/\/medu.si\/product\/nocna-krema\/\",\"name\":\"Negovalna no\u010dna krema - Medena kozmetika Med\u016b\",\"isPartOf\":{\"@id\":\"https:\/\/medu.si\/#website\"},\"primaryImageOfPage\":{\"@id\":\"https:\/\/medu.si\/product\/nocna-krema\/#primaryimage\"},\"image\":{\"@id\":\"https:\/\/medu.si\/product\/nocna-krema\/#primaryimage\"},\"thumbnailUrl\":\"https:\/\/medu.si\/wp-content\/uploads\/2024\/07\/Nocna-krema-za-obraz-1.jpg\",\"datePublished\":\"2024-07-24T20:45:01+00:00\",\"dateModified\":\"2025-03-07T19:32:54+00:00\",\"description\":\"Negovalna no\u010dna krema z naravno mo\u010djo, ki zdru\u017euje \u010debelji strup, med, Q10, ter vitamina A in E za boj proti staranju ko\u017ee\",\"breadcrumb\":{\"@id\":\"https:\/\/medu.si\/product\/nocna-krema\/#breadcrumb\"},\"inLanguage\":\"en-US\",\"potentialAction\":[{\"@type\":\"ReadAction\",\"target\":[\"https:\/\/medu.si\/product\/nocna-krema\/\"]}]},{\"@type\":\"ImageObject\",\"inLanguage\":\"en-US\",\"@id\":\"https:\/\/medu.si\/product\/nocna-krema\/#primaryimage\",\"url\":\"https:\/\/medu.si\/wp-content\/uploads\/2024\/07\/Nocna-krema-za-obraz-1.jpg\",\"contentUrl\":\"https:\/\/medu.si\/wp-content\/uploads\/2024\/07\/Nocna-krema-za-obraz-1.jpg\",\"width\":1300,\"height\":1300},{\"@type\":\"BreadcrumbList\",\"@id\":\"https:\/\/medu.si\/product\/nocna-krema\/#breadcrumb\",\"itemListElement\":[{\"@type\":\"ListItem\",\"position\":1,\"name\":\"Home\",\"item\":\"https:\/\/medu.si\/\"},{\"@type\":\"ListItem\",\"position\":2,\"name\":\"Products\",\"item\":\"https:\/\/medu.si\/shop\/\"},{\"@type\":\"ListItem\",\"position\":3,\"name\":\"No\u010dna krema &#8211; 50ml\"}]},{\"@type\":\"WebSite\",\"@id\":\"https:\/\/medu.si\/#website\",\"url\":\"https:\/\/medu.si\/\",\"name\":\"Medu\",\"description\":\"Medena kozmetika\",\"publisher\":{\"@id\":\"https:\/\/medu.si\/#organization\"},\"potentialAction\":[{\"@type\":\"SearchAction\",\"target\":{\"@type\":\"EntryPoint\",\"urlTemplate\":\"https:\/\/medu.si\/?s={search_term_string}\"},\"query-input\":{\"@type\":\"PropertyValueSpecification\",\"valueRequired\":true,\"valueName\":\"search_term_string\"}}],\"inLanguage\":\"en-US\"},{\"@type\":\"Organization\",\"@id\":\"https:\/\/medu.si\/#organization\",\"name\":\"Medena kozmetika - Medu\",\"url\":\"https:\/\/medu.si\/\",\"logo\":{\"@type\":\"ImageObject\",\"inLanguage\":\"en-US\",\"@id\":\"https:\/\/medu.si\/#\/schema\/logo\/image\/\",\"url\":\"https:\/\/medu.si\/wp-content\/uploads\/2024\/03\/Logo_new_whtt_text.png\",\"contentUrl\":\"https:\/\/medu.si\/wp-content\/uploads\/2024\/03\/Logo_new_whtt_text.png\",\"width\":1068,\"height\":442,\"caption\":\"Medena kozmetika - Medu\"},\"image\":{\"@id\":\"https:\/\/medu.si\/#\/schema\/logo\/image\/\"},\"sameAs\":[\"https:\/\/www.facebook.com\/profile.php?id=61551869158979\",\"https:\/\/www.instagram.com\/meducosmetic\/\"]}]}<\/script>\n<!-- \/ Yoast SEO plugin. -->","yoast_head_json":{"title":"Negovalna no\u010dna krema - Medena kozmetika Med\u016b","description":"Negovalna no\u010dna krema z naravno mo\u010djo, ki zdru\u017euje \u010debelji strup, med, Q10, ter vitamina A in E za boj proti staranju ko\u017ee","robots":{"index":"index","follow":"follow","max-snippet":"max-snippet:-1","max-image-preview":"max-image-preview:large","max-video-preview":"max-video-preview:-1"},"canonical":"https:\/\/medu.si\/en\/product\/nocna-krema\/","og_locale":"en_US","og_type":"article","og_title":"Negovalna no\u010dna krema - Medena kozmetika Med\u016b","og_description":"Negovalna no\u010dna krema z naravno mo\u010djo, ki zdru\u017euje \u010debelji strup, med, Q10, ter vitamina A in E za boj proti staranju ko\u017ee","og_url":"https:\/\/medu.si\/en\/product\/nocna-krema\/","og_site_name":"Medena kozmetika - Medu","article_publisher":"https:\/\/www.facebook.com\/profile.php?id=61551869158979","article_modified_time":"2025-03-07T19:32:54+00:00","og_image":[{"width":1300,"height":1300,"url":"https:\/\/medu.si\/wp-content\/uploads\/2024\/09\/Nocna-krema-za-obraz.jpg","type":"image\/jpeg"}],"twitter_card":"summary_large_image","twitter_misc":{"Est. reading time":"1 minute"},"schema":{"@context":"https:\/\/schema.org","@graph":[{"@type":"WebPage","@id":"https:\/\/medu.si\/product\/nocna-krema\/","url":"https:\/\/medu.si\/product\/nocna-krema\/","name":"Negovalna no\u010dna krema - Medena kozmetika Med\u016b","isPartOf":{"@id":"https:\/\/medu.si\/#website"},"primaryImageOfPage":{"@id":"https:\/\/medu.si\/product\/nocna-krema\/#primaryimage"},"image":{"@id":"https:\/\/medu.si\/product\/nocna-krema\/#primaryimage"},"thumbnailUrl":"https:\/\/medu.si\/wp-content\/uploads\/2024\/07\/Nocna-krema-za-obraz-1.jpg","datePublished":"2024-07-24T20:45:01+00:00","dateModified":"2025-03-07T19:32:54+00:00","description":"Negovalna no\u010dna krema z naravno mo\u010djo, ki zdru\u017euje \u010debelji strup, med, Q10, ter vitamina A in E za boj proti staranju ko\u017ee","breadcrumb":{"@id":"https:\/\/medu.si\/product\/nocna-krema\/#breadcrumb"},"inLanguage":"en-US","potentialAction":[{"@type":"ReadAction","target":["https:\/\/medu.si\/product\/nocna-krema\/"]}]},{"@type":"ImageObject","inLanguage":"en-US","@id":"https:\/\/medu.si\/product\/nocna-krema\/#primaryimage","url":"https:\/\/medu.si\/wp-content\/uploads\/2024\/07\/Nocna-krema-za-obraz-1.jpg","contentUrl":"https:\/\/medu.si\/wp-content\/uploads\/2024\/07\/Nocna-krema-za-obraz-1.jpg","width":1300,"height":1300},{"@type":"BreadcrumbList","@id":"https:\/\/medu.si\/product\/nocna-krema\/#breadcrumb","itemListElement":[{"@type":"ListItem","position":1,"name":"Home","item":"https:\/\/medu.si\/"},{"@type":"ListItem","position":2,"name":"Products","item":"https:\/\/medu.si\/shop\/"},{"@type":"ListItem","position":3,"name":"No\u010dna krema &#8211; 50ml"}]},{"@type":"WebSite","@id":"https:\/\/medu.si\/#website","url":"https:\/\/medu.si\/","name":"Medu","description":"Medena kozmetika","publisher":{"@id":"https:\/\/medu.si\/#organization"},"potentialAction":[{"@type":"SearchAction","target":{"@type":"EntryPoint","urlTemplate":"https:\/\/medu.si\/?s={search_term_string}"},"query-input":{"@type":"PropertyValueSpecification","valueRequired":true,"valueName":"search_term_string"}}],"inLanguage":"en-US"},{"@type":"Organization","@id":"https:\/\/medu.si\/#organization","name":"Medena kozmetika - Medu","url":"https:\/\/medu.si\/","logo":{"@type":"ImageObject","inLanguage":"en-US","@id":"https:\/\/medu.si\/#\/schema\/logo\/image\/","url":"https:\/\/medu.si\/wp-content\/uploads\/2024\/03\/Logo_new_whtt_text.png","contentUrl":"https:\/\/medu.si\/wp-content\/uploads\/2024\/03\/Logo_new_whtt_text.png","width":1068,"height":442,"caption":"Medena kozmetika - Medu"},"image":{"@id":"https:\/\/medu.si\/#\/schema\/logo\/image\/"},"sameAs":["https:\/\/www.facebook.com\/profile.php?id=61551869158979","https:\/\/www.instagram.com\/meducosmetic\/"]}]}},"_links":{"self":[{"href":"https:\/\/medu.si\/en\/wp-json\/wp\/v2\/product\/1242","targetHints":{"allow":["GET"]}}],"collection":[{"href":"https:\/\/medu.si\/en\/wp-json\/wp\/v2\/product"}],"about":[{"href":"https:\/\/medu.si\/en\/wp-json\/wp\/v2\/types\/product"}],"replies":[{"embeddable":true,"href":"https:\/\/medu.si\/en\/wp-json\/wp\/v2\/comments?post=1242"}],"version-history":[{"count":0,"href":"https:\/\/medu.si\/en\/wp-json\/wp\/v2\/product\/1242\/revisions"}],"wp:featuredmedia":[{"embeddable":true,"href":"https:\/\/medu.si\/en\/wp-json\/wp\/v2\/media\/3222"}],"wp:attachment":[{"href":"https:\/\/medu.si\/en\/wp-json\/wp\/v2\/media?parent=1242"}],"wp:term":[{"taxonomy":"product_brand","embeddable":true,"href":"https:\/\/medu.si\/en\/wp-json\/wp\/v2\/product_brand?post=1242"},{"taxonomy":"product_cat","embeddable":true,"href":"https:\/\/medu.si\/en\/wp-json\/wp\/v2\/product_cat?post=1242"},{"taxonomy":"product_tag","embeddable":true,"href":"https:\/\/medu.si\/en\/wp-json\/wp\/v2\/product_tag?post=1242"}],"curies":[{"name":"wp","href":"https:\/\/api.w.org\/{rel}","templated":true}]}}