{"id":1235,"date":"2024-07-24T20:17:34","date_gmt":"2024-07-24T20:17:34","guid":{"rendered":"https:\/\/medu.si\/?post_type=product&#038;p=1235"},"modified":"2025-03-07T19:34:17","modified_gmt":"2025-03-07T19:34:17","slug":"olje","status":"publish","type":"product","link":"https:\/\/medu.si\/en\/product\/olje\/","title":{"rendered":"Oil - 30ml"},"content":{"rendered":"<p>Na\u0161e suho olje za obraz je skrbno formulirano z naravnimi olji \u0161ipka, grozdnih pe\u0161k in \u017eafranike, dopolnjeno z antioksidantom Q10 in vitaminom E, za vrhunsko nego ko\u017ee. Ta edinstvena me\u0161anica ne\u017eno hrani in revitalizira ko\u017eo. Idealno za uporabo vsak dan, to olje zagotavlja svilnato gladkost in \u017eare\u010d ten brez mastnega ob\u010dutka.<\/p>","protected":false},"excerpt":{"rendered":"<div class=\"w-full text-token-text-primary\" dir=\"auto\" data-testid=\"conversation-turn-2\" data-scroll-anchor=\"false\">\n<div class=\"py-2 px-3 text-base md:px-4 m-auto md:px-5 lg:px-1 xl:px-5\">\n<div class=\"mx-auto flex flex-1 gap-3 text-base juice:gap-4 juice:md:gap-6 md:max-w-3xl lg:max-w-[40rem] xl:max-w-[48rem]\">\n<div class=\"relative flex w-full min-w-0 flex-col\">\n<div class=\"flex-col gap-1 md:gap-3\">\n<div class=\"flex flex-grow flex-col max-w-full\">\n<div class=\"min-h-[20px] text-message flex flex-col items-start whitespace-pre-wrap break-words [.text-message+&amp;]:mt-5 overflow-x-auto gap-3\" dir=\"auto\" data-message-author-role=\"user\" data-message-id=\"aaa2effd-e12d-4e4a-810f-9fcc90a9e258\">\n<div class=\"relative max-w-[90%]\">Nahrani, pomiri ter jo naredi mehko in sijo\u010do<\/div>\n<\/div>\n<\/div>\n<\/div>\n<\/div>\n<\/div>\n<\/div>\n<\/div>","protected":false},"featured_media":3223,"comment_status":"open","ping_status":"closed","template":"","meta":{"_acf_changed":false},"product_brand":[],"product_cat":[20,40],"product_tag":[],"class_list":{"0":"post-1235","1":"product","2":"type-product","3":"status-publish","4":"has-post-thumbnail","6":"product_cat-uncategorized","7":"product_cat-produkti-posamicno","9":"first","10":"instock","11":"shipping-taxable","12":"purchasable","13":"product-type-simple"},"acf":[],"yoast_head":"<!-- This site is optimized with the Yoast SEO plugin v25.5 - https:\/\/yoast.com\/wordpress\/plugins\/seo\/ -->\n<title>Naravno suho olje - Medena kozmetika Med\u016b<\/title>\n<meta name=\"description\" content=\"Suho olje za obraz je skrbno formulirano z naravnimi olji \u0161ipka, grozdnih pe\u0161k in \u017eafranike, dopolnjeno z antioksidantom Q10 in vitaminom E.\" \/>\n<meta name=\"robots\" content=\"index, follow, max-snippet:-1, max-image-preview:large, max-video-preview:-1\" \/>\n<link rel=\"canonical\" href=\"https:\/\/medu.si\/en\/product\/olje\/\" \/>\n<meta property=\"og:locale\" content=\"en_US\" \/>\n<meta property=\"og:type\" content=\"article\" \/>\n<meta property=\"og:title\" content=\"Naravno suho olje - Medena kozmetika Med\u016b\" \/>\n<meta property=\"og:description\" content=\"Suho olje za obraz je skrbno formulirano z naravnimi olji \u0161ipka, grozdnih pe\u0161k in \u017eafranike, dopolnjeno z antioksidantom Q10 in vitaminom E.\" \/>\n<meta property=\"og:url\" content=\"https:\/\/medu.si\/en\/product\/olje\/\" \/>\n<meta property=\"og:site_name\" content=\"Medena kozmetika - Medu\" \/>\n<meta property=\"article:publisher\" content=\"https:\/\/www.facebook.com\/profile.php?id=61551869158979\" \/>\n<meta property=\"article:modified_time\" content=\"2025-03-07T19:34:17+00:00\" \/>\n<meta property=\"og:image\" content=\"https:\/\/medu.si\/wp-content\/uploads\/2024\/09\/Olje-za-obraz.jpg\" \/>\n\t<meta property=\"og:image:width\" content=\"1300\" \/>\n\t<meta property=\"og:image:height\" content=\"1300\" \/>\n\t<meta property=\"og:image:type\" content=\"image\/jpeg\" \/>\n<meta name=\"twitter:card\" content=\"summary_large_image\" \/>\n<meta name=\"twitter:label1\" content=\"Est. reading time\" \/>\n\t<meta name=\"twitter:data1\" content=\"1 minute\" \/>\n<script type=\"application\/ld+json\" class=\"yoast-schema-graph\">{\"@context\":\"https:\/\/schema.org\",\"@graph\":[{\"@type\":\"WebPage\",\"@id\":\"https:\/\/medu.si\/product\/olje\/\",\"url\":\"https:\/\/medu.si\/product\/olje\/\",\"name\":\"Naravno suho olje - Medena kozmetika Med\u016b\",\"isPartOf\":{\"@id\":\"https:\/\/medu.si\/#website\"},\"primaryImageOfPage\":{\"@id\":\"https:\/\/medu.si\/product\/olje\/#primaryimage\"},\"image\":{\"@id\":\"https:\/\/medu.si\/product\/olje\/#primaryimage\"},\"thumbnailUrl\":\"https:\/\/medu.si\/wp-content\/uploads\/2024\/07\/Olje-za-obraz-1.jpg\",\"datePublished\":\"2024-07-24T20:17:34+00:00\",\"dateModified\":\"2025-03-07T19:34:17+00:00\",\"description\":\"Suho olje za obraz je skrbno formulirano z naravnimi olji \u0161ipka, grozdnih pe\u0161k in \u017eafranike, dopolnjeno z antioksidantom Q10 in vitaminom E.\",\"breadcrumb\":{\"@id\":\"https:\/\/medu.si\/product\/olje\/#breadcrumb\"},\"inLanguage\":\"en-US\",\"potentialAction\":[{\"@type\":\"ReadAction\",\"target\":[\"https:\/\/medu.si\/product\/olje\/\"]}]},{\"@type\":\"ImageObject\",\"inLanguage\":\"en-US\",\"@id\":\"https:\/\/medu.si\/product\/olje\/#primaryimage\",\"url\":\"https:\/\/medu.si\/wp-content\/uploads\/2024\/07\/Olje-za-obraz-1.jpg\",\"contentUrl\":\"https:\/\/medu.si\/wp-content\/uploads\/2024\/07\/Olje-za-obraz-1.jpg\",\"width\":1300,\"height\":1300},{\"@type\":\"BreadcrumbList\",\"@id\":\"https:\/\/medu.si\/product\/olje\/#breadcrumb\",\"itemListElement\":[{\"@type\":\"ListItem\",\"position\":1,\"name\":\"Home\",\"item\":\"https:\/\/medu.si\/\"},{\"@type\":\"ListItem\",\"position\":2,\"name\":\"Products\",\"item\":\"https:\/\/medu.si\/shop\/\"},{\"@type\":\"ListItem\",\"position\":3,\"name\":\"Olje &#8211; 30ml\"}]},{\"@type\":\"WebSite\",\"@id\":\"https:\/\/medu.si\/#website\",\"url\":\"https:\/\/medu.si\/\",\"name\":\"Medu\",\"description\":\"Medena kozmetika\",\"publisher\":{\"@id\":\"https:\/\/medu.si\/#organization\"},\"potentialAction\":[{\"@type\":\"SearchAction\",\"target\":{\"@type\":\"EntryPoint\",\"urlTemplate\":\"https:\/\/medu.si\/?s={search_term_string}\"},\"query-input\":{\"@type\":\"PropertyValueSpecification\",\"valueRequired\":true,\"valueName\":\"search_term_string\"}}],\"inLanguage\":\"en-US\"},{\"@type\":\"Organization\",\"@id\":\"https:\/\/medu.si\/#organization\",\"name\":\"Medena kozmetika - Medu\",\"url\":\"https:\/\/medu.si\/\",\"logo\":{\"@type\":\"ImageObject\",\"inLanguage\":\"en-US\",\"@id\":\"https:\/\/medu.si\/#\/schema\/logo\/image\/\",\"url\":\"https:\/\/medu.si\/wp-content\/uploads\/2024\/03\/Logo_new_whtt_text.png\",\"contentUrl\":\"https:\/\/medu.si\/wp-content\/uploads\/2024\/03\/Logo_new_whtt_text.png\",\"width\":1068,\"height\":442,\"caption\":\"Medena kozmetika - Medu\"},\"image\":{\"@id\":\"https:\/\/medu.si\/#\/schema\/logo\/image\/\"},\"sameAs\":[\"https:\/\/www.facebook.com\/profile.php?id=61551869158979\",\"https:\/\/www.instagram.com\/meducosmetic\/\"]}]}<\/script>\n<!-- \/ Yoast SEO plugin. -->","yoast_head_json":{"title":"Naravno suho olje - Medena kozmetika Med\u016b","description":"Suho olje za obraz je skrbno formulirano z naravnimi olji \u0161ipka, grozdnih pe\u0161k in \u017eafranike, dopolnjeno z antioksidantom Q10 in vitaminom E.","robots":{"index":"index","follow":"follow","max-snippet":"max-snippet:-1","max-image-preview":"max-image-preview:large","max-video-preview":"max-video-preview:-1"},"canonical":"https:\/\/medu.si\/en\/product\/olje\/","og_locale":"en_US","og_type":"article","og_title":"Naravno suho olje - Medena kozmetika Med\u016b","og_description":"Suho olje za obraz je skrbno formulirano z naravnimi olji \u0161ipka, grozdnih pe\u0161k in \u017eafranike, dopolnjeno z antioksidantom Q10 in vitaminom E.","og_url":"https:\/\/medu.si\/en\/product\/olje\/","og_site_name":"Medena kozmetika - Medu","article_publisher":"https:\/\/www.facebook.com\/profile.php?id=61551869158979","article_modified_time":"2025-03-07T19:34:17+00:00","og_image":[{"width":1300,"height":1300,"url":"https:\/\/medu.si\/wp-content\/uploads\/2024\/09\/Olje-za-obraz.jpg","type":"image\/jpeg"}],"twitter_card":"summary_large_image","twitter_misc":{"Est. reading time":"1 minute"},"schema":{"@context":"https:\/\/schema.org","@graph":[{"@type":"WebPage","@id":"https:\/\/medu.si\/product\/olje\/","url":"https:\/\/medu.si\/product\/olje\/","name":"Naravno suho olje - Medena kozmetika Med\u016b","isPartOf":{"@id":"https:\/\/medu.si\/#website"},"primaryImageOfPage":{"@id":"https:\/\/medu.si\/product\/olje\/#primaryimage"},"image":{"@id":"https:\/\/medu.si\/product\/olje\/#primaryimage"},"thumbnailUrl":"https:\/\/medu.si\/wp-content\/uploads\/2024\/07\/Olje-za-obraz-1.jpg","datePublished":"2024-07-24T20:17:34+00:00","dateModified":"2025-03-07T19:34:17+00:00","description":"Suho olje za obraz je skrbno formulirano z naravnimi olji \u0161ipka, grozdnih pe\u0161k in \u017eafranike, dopolnjeno z antioksidantom Q10 in vitaminom E.","breadcrumb":{"@id":"https:\/\/medu.si\/product\/olje\/#breadcrumb"},"inLanguage":"en-US","potentialAction":[{"@type":"ReadAction","target":["https:\/\/medu.si\/product\/olje\/"]}]},{"@type":"ImageObject","inLanguage":"en-US","@id":"https:\/\/medu.si\/product\/olje\/#primaryimage","url":"https:\/\/medu.si\/wp-content\/uploads\/2024\/07\/Olje-za-obraz-1.jpg","contentUrl":"https:\/\/medu.si\/wp-content\/uploads\/2024\/07\/Olje-za-obraz-1.jpg","width":1300,"height":1300},{"@type":"BreadcrumbList","@id":"https:\/\/medu.si\/product\/olje\/#breadcrumb","itemListElement":[{"@type":"ListItem","position":1,"name":"Home","item":"https:\/\/medu.si\/"},{"@type":"ListItem","position":2,"name":"Products","item":"https:\/\/medu.si\/shop\/"},{"@type":"ListItem","position":3,"name":"Olje &#8211; 30ml"}]},{"@type":"WebSite","@id":"https:\/\/medu.si\/#website","url":"https:\/\/medu.si\/","name":"Medu","description":"Medena kozmetika","publisher":{"@id":"https:\/\/medu.si\/#organization"},"potentialAction":[{"@type":"SearchAction","target":{"@type":"EntryPoint","urlTemplate":"https:\/\/medu.si\/?s={search_term_string}"},"query-input":{"@type":"PropertyValueSpecification","valueRequired":true,"valueName":"search_term_string"}}],"inLanguage":"en-US"},{"@type":"Organization","@id":"https:\/\/medu.si\/#organization","name":"Medena kozmetika - Medu","url":"https:\/\/medu.si\/","logo":{"@type":"ImageObject","inLanguage":"en-US","@id":"https:\/\/medu.si\/#\/schema\/logo\/image\/","url":"https:\/\/medu.si\/wp-content\/uploads\/2024\/03\/Logo_new_whtt_text.png","contentUrl":"https:\/\/medu.si\/wp-content\/uploads\/2024\/03\/Logo_new_whtt_text.png","width":1068,"height":442,"caption":"Medena kozmetika - Medu"},"image":{"@id":"https:\/\/medu.si\/#\/schema\/logo\/image\/"},"sameAs":["https:\/\/www.facebook.com\/profile.php?id=61551869158979","https:\/\/www.instagram.com\/meducosmetic\/"]}]}},"_links":{"self":[{"href":"https:\/\/medu.si\/en\/wp-json\/wp\/v2\/product\/1235","targetHints":{"allow":["GET"]}}],"collection":[{"href":"https:\/\/medu.si\/en\/wp-json\/wp\/v2\/product"}],"about":[{"href":"https:\/\/medu.si\/en\/wp-json\/wp\/v2\/types\/product"}],"replies":[{"embeddable":true,"href":"https:\/\/medu.si\/en\/wp-json\/wp\/v2\/comments?post=1235"}],"version-history":[{"count":0,"href":"https:\/\/medu.si\/en\/wp-json\/wp\/v2\/product\/1235\/revisions"}],"wp:featuredmedia":[{"embeddable":true,"href":"https:\/\/medu.si\/en\/wp-json\/wp\/v2\/media\/3223"}],"wp:attachment":[{"href":"https:\/\/medu.si\/en\/wp-json\/wp\/v2\/media?parent=1235"}],"wp:term":[{"taxonomy":"product_brand","embeddable":true,"href":"https:\/\/medu.si\/en\/wp-json\/wp\/v2\/product_brand?post=1235"},{"taxonomy":"product_cat","embeddable":true,"href":"https:\/\/medu.si\/en\/wp-json\/wp\/v2\/product_cat?post=1235"},{"taxonomy":"product_tag","embeddable":true,"href":"https:\/\/medu.si\/en\/wp-json\/wp\/v2\/product_tag?post=1235"}],"curies":[{"name":"wp","href":"https:\/\/api.w.org\/{rel}","templated":true}]}}